{"id":4849,"date":"2021-04-23T12:06:11","date_gmt":"2021-04-23T10:06:11","guid":{"rendered":"http:\/\/sanpablomurcia.es\/wordpress\/?page_id=4849"},"modified":"2023-10-11T13:55:13","modified_gmt":"2023-10-11T11:55:13","slug":"camino-neocatecumenal","status":"publish","type":"page","link":"http:\/\/sanpablomurcia.es\/wordpress\/camino-neocatecumenal\/","title":{"rendered":"Camino Neocatecumenal"},"content":{"rendered":"<div class=\"fusion-fullwidth fullwidth-box fusion-builder-row-1 fusion-flex-container has-pattern-background has-mask-background nonhundred-percent-fullwidth non-hundred-percent-height-scrolling\" style=\"--awb-border-radius-top-left:0px;--awb-border-radius-top-right:0px;--awb-border-radius-bottom-right:0px;--awb-border-radius-bottom-left:0px;--awb-flex-wrap:wrap;\" ><div class=\"fusion-builder-row fusion-row fusion-flex-align-items-flex-start fusion-flex-content-wrap\" style=\"max-width:1331.2px;margin-left: calc(-4% \/ 2 );margin-right: calc(-4% \/ 2 );\"><div class=\"fusion-layout-column fusion_builder_column fusion-builder-column-0 fusion_builder_column_1_1 1_1 fusion-flex-column\" style=\"--awb-bg-size:cover;--awb-width-large:100%;--awb-margin-top-large:10px;--awb-spacing-right-large:1.92%;--awb-margin-bottom-large:10px;--awb-spacing-left-large:1.92%;--awb-width-medium:100%;--awb-order-medium:0;--awb-spacing-right-medium:1.92%;--awb-spacing-left-medium:1.92%;--awb-width-small:100%;--awb-order-small:0;--awb-spacing-right-small:1.92%;--awb-spacing-left-small:1.92%;\"><div class=\"fusion-column-wrapper fusion-column-has-shadow fusion-flex-justify-content-flex-start fusion-content-layout-column\"><div class=\"fusion-image-element \" style=\"text-align:center;--awb-max-width:180px;--awb-caption-title-font-family:var(--h2_typography-font-family);--awb-caption-title-font-weight:var(--h2_typography-font-weight);--awb-caption-title-font-style:var(--h2_typography-font-style);--awb-caption-title-size:var(--h2_typography-font-size);--awb-caption-title-transform:var(--h2_typography-text-transform);--awb-caption-title-line-height:var(--h2_typography-line-height);--awb-caption-title-letter-spacing:var(--h2_typography-letter-spacing);\"><span class=\" fusion-imageframe imageframe-none imageframe-1 hover-type-none\"><img fetchpriority=\"high\" fetchpriority=\"high\" decoding=\"async\" width=\"358\" height=\"508\" title=\"virgen web\" src=\"http:\/\/sanpablomurcia.es\/wordpress\/wp-content\/uploads\/2021\/04\/virgen-web.png\" alt class=\"img-responsive wp-image-4882\" srcset=\"http:\/\/sanpablomurcia.es\/wordpress\/wp-content\/uploads\/2021\/04\/virgen-web-200x284.png 200w, http:\/\/sanpablomurcia.es\/wordpress\/wp-content\/uploads\/2021\/04\/virgen-web.png 358w\" sizes=\"(max-width: 1024px) 100vw, (max-width: 640px) 100vw, 358px\" \/><\/span><\/div><\/div><\/div><\/div><\/div><div class=\"fusion-fullwidth fullwidth-box fusion-builder-row-2 fusion-flex-container nonhundred-percent-fullwidth non-hundred-percent-height-scrolling\" style=\"--awb-border-radius-top-left:0px;--awb-border-radius-top-right:0px;--awb-border-radius-bottom-right:0px;--awb-border-radius-bottom-left:0px;--awb-flex-wrap:wrap;\" ><div class=\"fusion-builder-row fusion-row fusion-flex-align-items-flex-start fusion-flex-content-wrap\" style=\"max-width:1331.2px;margin-left: calc(-4% \/ 2 );margin-right: calc(-4% \/ 2 );\"><div class=\"fusion-layout-column fusion_builder_column fusion-builder-column-1 fusion_builder_column_1_1 1_1 fusion-flex-column\" style=\"--awb-bg-size:cover;--awb-width-large:100%;--awb-margin-top-large:0px;--awb-spacing-right-large:1.92%;--awb-margin-bottom-large:0px;--awb-spacing-left-large:1.92%;--awb-width-medium:100%;--awb-spacing-right-medium:1.92%;--awb-spacing-left-medium:1.92%;--awb-width-small:100%;--awb-spacing-right-small:1.92%;--awb-spacing-left-small:1.92%;\"><div class=\"fusion-column-wrapper fusion-flex-justify-content-flex-start fusion-content-layout-column\"><div class=\"fusion-text fusion-text-1\"><\/p>\n<p style=\"text-align: center;\"><span style=\"color: var(--awb-text-color); font-family: 'Alegreya Sans SC'; font-size: 35px; font-weight: 700; letter-spacing: var(--awb-letter-spacing); text-align: var(--awb-content-alignment); text-transform: var(--awb-text-transform); background-color: var(--awb-bg-color);\" data-fusion-font=\"true\" data-fusion-google-font=\"Alegreya Sans SC\" data-fusion-google-variant=\"700\">\u00bfQU\u00c9 ES EL CAMINO NEOCATECUMENAL?<\/span><\/p>\n<p style=\"text-align: left;\"><span style=\"color: var(--awb-text-color); font-family: var(--awb-text-font-family); font-size: var(--awb-font-size); font-style: var(--awb-text-font-style); letter-spacing: var(--awb-letter-spacing); text-transform: var(--awb-text-transform); background-color: var(--awb-bg-color);\"><b>UNA S\u00cdNTESIS TEOL\u00d3GICO-CATEQU\u00c9TICA ENTRE LOS M\u00c1S POBRES<\/b><\/span><br><span style=\"color: var(--awb-text-color); font-family: var(--awb-text-font-family); font-size: var(--awb-font-size); font-style: var(--awb-text-font-style); font-weight: var(--awb-text-font-weight); letter-spacing: var(--awb-letter-spacing); text-transform: var(--awb-text-transform); background-color: var(--awb-bg-color);\">El Camino Neocatecumenal nace en el a\u00f1o 1964 en las chabolas de Palomeras Altas, en Madrid (Espa\u00f1a). El ambiente de las barracas estaba formado por los m\u00e1s degradados de la sociedad: gitanos y quinquis, en gran parte analfabetos, vagabundos, ladrones, prostitutas, j\u00f3venes delincuentes, emigrantes, etc. En este ambiente germin\u00f3 la semilla del Camino Neocatecumenal. Entre los pobres y marginados que, al recibir el anuncio de Cristo muerto y resucitado, ven c\u00f3mo el Esp\u00edritu Santo suscita un proceso de iniciaci\u00f3n cristiana a imagen del catecumenado de la Iglesia primitiva.<\/span><\/p>\n<\/p>\n<p>Mons. Casimiro Morcillo visita las barracas en Madrid. Kiko Arg\u00fcello y Carmen Hern\u00e1ndez le acompa\u00f1an.<br>A principios de los a\u00f1os 60, Francisco Jos\u00e9 G\u00f3mez Arg\u00fcello (Kiko), un pintor espa\u00f1ol, Premio Nacional de Pintura en 1959, despu\u00e9s de una crisis existencial, descubri\u00f3 en el sufrimiento de los inocentes el misterio de Cristo Crucificado, presente en los \u00faltimos de la tierra. Esta experiencia le llev\u00f3 a abandonar todo y, siguiendo las huellas de Charles de Foucauld, se fue a vivir entre estos pobres de Palomeras Altas.<\/p>\n<\/p>\n<p>En este proceso recibe la inspiraci\u00f3n de la Virgen Mar\u00eda: \u201cHay que hacer comunidades cristianas como la Sagrada Familia de Nazaret, que vivan en humildad, sencillez y alabanza. El otro es Cristo\u201d.<\/p>\n<\/p>\n<p>Carmen Hern\u00e1ndez, tambi\u00e9n espa\u00f1ola, licenciada en Qu\u00edmica, se forma en el Instituto de Misioneras de Cristo Jes\u00fas. Se licencia en Teolog\u00eda con los Dominicos de Valencia y descubre la renovaci\u00f3n del Concilio Vaticano II a trav\u00e9s del liturgista Mons. Pedro Farn\u00e9s Scherer.<\/p>\n<\/p>\n<p>Despu\u00e9s de dos a\u00f1os en Israel en contacto con la tradici\u00f3n viva del pueblo jud\u00edo y los lugares de Tierra Santa, regresa a Madrid con la esperanza de formar un grupo misionero para evangelizar a los mineros de Oruro (Bolivia), gracias al entonces arzobispo de La Paz, Mons. Jorge Manrique Hurtado. A trav\u00e9s de una hermana suya entra en contacto con Kiko Arg\u00fcello en las barracas de Palomeras, se construye una chabola sobre la tapia de una f\u00e1brica y comienza a colaborar con \u00e9l.<br><b><br><\/b><\/p>\n<\/p>\n<p><b>EL CAMINO, FRUTO DEL CONCILIO VATICANO II<\/b><\/p>\n<p>En el a\u00f1o 1974, el papa Pablo VI, en una audiencia concedida a las primeras comunidades neocatecumenales, reconoce el Camino como un fruto del Concilio Vaticano II: \u201c\u00a1He aqu\u00ed los frutos del Concilio! Vosotros hac\u00e9is despu\u00e9s del Bautismo lo que la Iglesia primitiva hac\u00eda antes: el antes o despu\u00e9s es secundario. El hecho es que vosotros mir\u00e1is a la autenticidad, a la plenitud, a la coherencia, a la sinceridad de la vida cristiana. Y esto tiene un m\u00e9rito grand\u00edsimo, que nos consuela enormemente (\u2026) \u00a1Cu\u00e1nta alegr\u00eda nos dan con su presencia y actividad!\u201d.<\/p>\n<\/p>\n<p>Audiencia con S. Juan Pablo II. Carmen Hern\u00e1ndez y el P. Mario Pezzi saludan a su santidad.<br>Los sucesivos pont\u00edfices han impulsado y reconocido el Camino como fruto e inspiraci\u00f3n del Esp\u00edritu Santo para ayuda de la Iglesia. Incluso Juan Pablo I, que siendo patriarca de Venecia hab\u00eda acogido a Kiko y Carmen para comenzar el Camino en la di\u00f3cesis.<\/p>\n<\/p>\n<p>San Juan Pablo II impuls\u00f3, fortaleci\u00f3 y facilit\u00f3 el desarrollo de esta iniciaci\u00f3n cristiana de adultos, propiciando nuevas modalidades misioneras y vocacionales como las familias en misi\u00f3n y la formaci\u00f3n de los seminarios diocesanos misioneros Redemptoris Mater.<\/p>\n<\/p>\n<p>En 1990 san Juan Pablo II escribi\u00f3 en la carta Ogniqualvolta: \u201cReconozco el Camino Neocatecumenal como un itinerario de formaci\u00f3n cat\u00f3lica v\u00e1lida para la sociedad y para los tiempos de hoy\u201d, y \u201cdeseo vivamente, por tanto, que los hermanos en el episcopado valoricen y ayuden \u2013junto con sus presb\u00edteros\u2013 a esta obra para la nueva evangelizaci\u00f3n\u201d.<\/p>\n<\/p>\n<p><b>EL CAMINO EN LA ACTUALIDAD<\/b><br>El 19 de julio de 2016 falleci\u00f3 Carmen Hern\u00e1ndez, iniciadora del Camino junto a Kiko Arg\u00fcello, y recibi\u00f3 sepultura en el Seminario Redemptoris Mater de Madrid. Al quedar incompleto el equipo responsable internacional, y a petici\u00f3n de la Santa Sede \u2013seg\u00fan marcan los Estatutos del Camino\u2013, a\u00f1o y medio despu\u00e9s se incorpor\u00f3 como miembro de dicho equipo la espa\u00f1ola Mar\u00eda Ascensi\u00f3n Romero, itinerante durante 25 a\u00f1os en Rusia.<\/p>\n<\/p>\n<p>El Camino Neocatecumenal est\u00e1 al servicio de los obispos y de los p\u00e1rrocos como itinerario de redescubrimiento del bautismo y de formaci\u00f3n permanente en la fe, y es propuesto a los fieles que deseen reavivar en su vida la riqueza de la iniciaci\u00f3n cristiana.<\/p>\n<\/p>\n<p>El Camino \u2013cuyo itinerario se vive en las parroquias, en peque\u00f1as comunidades constituidas por personas de diversa edad y condici\u00f3n social\u2013 lleva gradualmente a los fieles a la intimidad con Jesucristo y los transforma en sujetos activos en la Iglesia y testigos cre\u00edbles de la Buena Noticia. Es un instrumento para la iniciaci\u00f3n cristiana de los adultos que se preparan para recibir el bautismo.<\/p>\n<\/p>\n<p>En la actualidad, el Camino Neocatecumenal est\u00e1 presente en 134 naciones de los cinco continentes, con 21.300 comunidades en 6.270 parroquias, as\u00ed como 1.668 familias en misi\u00f3n de las cuales 216 son missio ad gentes en ciudades descristianizadas de los cinco continentes, y con 125 seminarios Diocesanos Misioneros Redemptoris Mater.<\/p>\n<p><b>EL CAMINO NEOCATECUMENAL EN LA PARROQUIA DE SAN PABLO DE MURCIA<\/b><\/p>\n<p>Actualmente en la Parroquia muchos ni\u00f1os y j\u00f3venes est\u00e1n recibiendo la catequesis y el acompa\u00f1amiento adecuados a su edad.<\/p>\n<p>Con el a\u00f1o nuevo, comenzamos la catequesis de adultos, un momento fundamental de Anuncio del Evangelio. A prop\u00f3sito de su importancia, San Juan Pablo II nos recordaba que, la de adultos, es la forma principal de la catequesis porque est\u00e1 dirigida a las personas que tienen las mayores responsabilidades y la capacidad de vivir el mensaje cristiano bajo su forma plenamente desarrollada (Catechesi Tradendae, 44).<\/p>\n<p>El Catecismo de la Iglesia Cat\u00f3lica tambi\u00e9n nos recuerda que, habiendo sido bautizados de ni\u00f1os, hemos recibido una formaci\u00f3n en la etapa infantil (Primera Comuni\u00f3n, Confirmaci\u00f3n\u2026) y necesitamos una formaci\u00f3n acorde a la edad adulta: \u201cPor su naturaleza misma, el Bautismo de ni\u00f1os exige un catecumenado postbautismal. No se trata s\u00f3lo de la necesidad de una instrucci\u00f3n posterior al Bautismo, sino del desarrollo necesario de la gracia bautismal en el crecimiento de la persona. Es el momento propio de la catequesis.\u201d (Catecismo, 1231).<\/p>\n<p>El Papa Francisco afirma: \u201cLa alegr\u00eda del Evangelio llena el coraz\u00f3n y la vida entera de los que se encuentran con Jes\u00fas. Quienes se dejan salvar por \u00c9l son liberados del pecado, de la tristeza, del vac\u00edo interior, del aislamiento. Con Jesucristo siempre nace y renace la alegr\u00eda.\u201d (Evangelii Gaudium, 1).<\/p>\n<p>Con el sentir de la Iglesia estas catequesis que pueden ser el comienzo de una vida nueva. Realmente, cuando aparece el amor de Dios delante de nosotros, se abren ventanas y caminos que no hab\u00edamos podido ni siquiera so\u00f1ar; nuestro Dios es sorprendente y hace a\u00f1icos toda rutina.<\/p>\n<p><span style=\"color: var(--awb-text-color); font-family: var(--awb-text-font-family); font-size: var(--awb-font-size); font-style: var(--awb-text-font-style); font-weight: var(--awb-text-font-weight); letter-spacing: var(--awb-letter-spacing); text-align: var(--awb-content-alignment); text-transform: var(--awb-text-transform); background-color: var(--awb-bg-color-hover);\">Es para ADULTOS, en cualquier situaci\u00f3n en la que se encuentren (tambi\u00e9n pueden asistir j\u00f3venes a partir de 14 a\u00f1os).<\/span><br><\/p><\/p>\n<\/div><\/div><\/div><\/div><\/div>","protected":false},"excerpt":{"rendered":"","protected":false},"author":1,"featured_media":0,"parent":0,"menu_order":0,"comment_status":"closed","ping_status":"closed","template":"","meta":{"footnotes":""},"_links":{"self":[{"href":"http:\/\/sanpablomurcia.es\/wordpress\/wp-json\/wp\/v2\/pages\/4849"}],"collection":[{"href":"http:\/\/sanpablomurcia.es\/wordpress\/wp-json\/wp\/v2\/pages"}],"about":[{"href":"http:\/\/sanpablomurcia.es\/wordpress\/wp-json\/wp\/v2\/types\/page"}],"author":[{"embeddable":true,"href":"http:\/\/sanpablomurcia.es\/wordpress\/wp-json\/wp\/v2\/users\/1"}],"replies":[{"embeddable":true,"href":"http:\/\/sanpablomurcia.es\/wordpress\/wp-json\/wp\/v2\/comments?post=4849"}],"version-history":[{"count":7,"href":"http:\/\/sanpablomurcia.es\/wordpress\/wp-json\/wp\/v2\/pages\/4849\/revisions"}],"predecessor-version":[{"id":13903,"href":"http:\/\/sanpablomurcia.es\/wordpress\/wp-json\/wp\/v2\/pages\/4849\/revisions\/13903"}],"wp:attachment":[{"href":"http:\/\/sanpablomurcia.es\/wordpress\/wp-json\/wp\/v2\/media?parent=4849"}],"curies":[{"name":"wp","href":"https:\/\/api.w.org\/{rel}","templated":true}]}}