{"id":4847,"date":"2021-04-23T12:05:04","date_gmt":"2021-04-23T10:05:04","guid":{"rendered":"http:\/\/sanpablomurcia.es\/wordpress\/?page_id=4847"},"modified":"2023-01-04T12:20:15","modified_gmt":"2023-01-04T10:20:15","slug":"asociacion-social-empresarial-ase","status":"publish","type":"page","link":"http:\/\/sanpablomurcia.es\/wordpress\/asociacion-social-empresarial-ase\/","title":{"rendered":"Asociaci\u00f3n Social Empresarial ASE"},"content":{"rendered":"<div class=\"fusion-fullwidth fullwidth-box fusion-builder-row-1 fusion-flex-container nonhundred-percent-fullwidth non-hundred-percent-height-scrolling\" style=\"--awb-border-radius-top-left:0px;--awb-border-radius-top-right:0px;--awb-border-radius-bottom-right:0px;--awb-border-radius-bottom-left:0px;--awb-flex-wrap:wrap;\" ><div class=\"fusion-builder-row fusion-row fusion-flex-align-items-flex-start fusion-flex-content-wrap\" style=\"max-width:1331.2px;margin-left: calc(-4% \/ 2 );margin-right: calc(-4% \/ 2 );\"><div class=\"fusion-layout-column fusion_builder_column fusion-builder-column-0 fusion_builder_column_1_1 1_1 fusion-flex-column\" style=\"--awb-bg-size:cover;--awb-width-large:100%;--awb-margin-top-large:0px;--awb-spacing-right-large:1.92%;--awb-margin-bottom-large:0px;--awb-spacing-left-large:1.92%;--awb-width-medium:100%;--awb-spacing-right-medium:1.92%;--awb-spacing-left-medium:1.92%;--awb-width-small:100%;--awb-spacing-right-small:1.92%;--awb-spacing-left-small:1.92%;\"><div class=\"fusion-column-wrapper fusion-flex-justify-content-flex-start fusion-content-layout-column\"><div class=\"fusion-text fusion-text-1\"><\/p>\n<p style=\"text-align: center; color: #000000; font-size: 20px; font-family: Quattrocento;\" data-fusion-font=\"true\" data-fusion-google-font=\"Quattrocento\" data-fusion-google-variant=\"400\"><b><span style=\"color: #000000; font-size: 40px;\" data-fusion-font=\"true\"><img fetchpriority=\"high\" decoding=\"async\" class=\"aligncenter wp-image-13757 size-fusion-600\" src=\"http:\/\/sanpablomurcia.es\/wordpress\/wp-content\/uploads\/2023\/01\/1_sin-fondo-600x337.png\" alt=\"\" width=\"600\" height=\"337\" srcset=\"http:\/\/sanpablomurcia.es\/wordpress\/wp-content\/uploads\/2023\/01\/1_sin-fondo-200x112.png 200w, http:\/\/sanpablomurcia.es\/wordpress\/wp-content\/uploads\/2023\/01\/1_sin-fondo-300x168.png 300w, http:\/\/sanpablomurcia.es\/wordpress\/wp-content\/uploads\/2023\/01\/1_sin-fondo-400x225.png 400w, http:\/\/sanpablomurcia.es\/wordpress\/wp-content\/uploads\/2023\/01\/1_sin-fondo-600x337.png 600w, http:\/\/sanpablomurcia.es\/wordpress\/wp-content\/uploads\/2023\/01\/1_sin-fondo-768x431.png 768w, http:\/\/sanpablomurcia.es\/wordpress\/wp-content\/uploads\/2023\/01\/1_sin-fondo-800x449.png 800w, http:\/\/sanpablomurcia.es\/wordpress\/wp-content\/uploads\/2023\/01\/1_sin-fondo-1024x575.png 1024w, http:\/\/sanpablomurcia.es\/wordpress\/wp-content\/uploads\/2023\/01\/1_sin-fondo-1200x674.png 1200w, http:\/\/sanpablomurcia.es\/wordpress\/wp-content\/uploads\/2023\/01\/1_sin-fondo-1536x863.png 1536w\" sizes=\"(max-width: 600px) 100vw, 600px\" \/><\/span><\/b><\/p>\n<p style=\"color: #000000; font-size: 20px; font-family: Quattrocento;\" data-fusion-font=\"true\" data-fusion-google-font=\"Quattrocento\" data-fusion-google-variant=\"400\"><b>QUI\u00c9NES SOMOS<\/b><\/p>\n<\/p>\n<p style=\"color: #000000; font-size: 20px; font-family: Quattrocento; font-weight: 400;\" data-fusion-font=\"true\" data-fusion-google-font=\"Quattrocento\" data-fusion-google-variant=\"400\">Acci\u00f3n Social Empresarial (ASE) es una asociaci\u00f3n privada de Empresarios, Directivos y profesionales de la Empresa, constituida de acuerdo con las normas del vigente C\u00f3digo de Derecho Can\u00f3nico, y erigida por la Conferencia Episcopal Espa\u00f1ola (CEE) como persona jur\u00eddica. Se rige por estos Estatutos y por las normas can\u00f3nicas que le sean aplicables. Carece de fin de lucro y estar\u00e1 inscrita en el Registro de Entidades Religiosas.<\/p>\n<\/p>\n<p style=\"color: #000000; font-size: 20px; font-family: Quattrocento;\" data-fusion-font=\"true\" data-fusion-google-font=\"Quattrocento\" data-fusion-google-variant=\"400\"><b>OBJETIVOS<\/b><\/p>\n<\/p>\n<ul>\n<li><span style=\"color: #000000; font-family: Quattrocento; font-weight: 400; font-size: 20px;\" data-fusion-font=\"true\" data-fusion-google-font=\"Quattrocento\" data-fusion-google-variant=\"400\">Configurar desde una perspectiva cristiana la actividad del empresario y directivo de empresa y las estructuras empresariales m\u00e1s adecuadas a un orden social m\u00e1s justo y humano.<\/span><\/li>\n<li><span style=\"color: #000000; font-family: Quattrocento; font-weight: 400; font-size: 20px;\" data-fusion-font=\"true\" data-fusion-google-font=\"Quattrocento\" data-fusion-google-variant=\"400\">Ayudar a sus miembros a asumir sus responsabilidades sociales, a promover y difundir la Doctrina Social de la Iglesia y contribuir a la aplicaci\u00f3n de la misma en el \u00e1mbito socio-empresarial.<\/span><\/li>\n<li><span style=\"color: #000000; font-family: Quattrocento; font-weight: 400; font-size: 20px;\" data-fusion-font=\"true\" data-fusion-google-font=\"Quattrocento\" data-fusion-google-variant=\"400\">Promover un orden social m\u00e1s justo y humano dentro del entorno propio.<\/span><\/li>\n<\/ul>\n<p><span style=\"color: #000000; font-family: Quattrocento;\"><span style=\"font-size: 20px;\"> <\/span><\/span><\/p>\n<\/p>\n<\/p>\n<p style=\"color: #000000; font-size: 20px; font-family: Quattrocento; font-weight: 400;\" data-fusion-font=\"true\" data-fusion-google-font=\"Quattrocento\" data-fusion-google-variant=\"400\"><b style=\"font-style: var(--body_typography-font-style,normal); letter-spacing: var(--body_typography-letter-spacing);\">FINES<\/b><\/p>\n<\/p>\n<p style=\"color: #000000; font-size: 20px; font-family: Quattrocento; font-weight: 400;\" data-fusion-font=\"true\" data-fusion-google-font=\"Quattrocento\" data-fusion-google-variant=\"400\">Las finalidades fundamentales de Acci\u00f3n Social Empresarial podr\u00edan concretarse en los dos puntos siguientes:<\/p>\n<\/p>\n<ul>\n<li><span style=\"color: #000000; font-size: 20px; font-family: Quattrocento; font-weight: 400;\" data-fusion-font=\"true\" data-fusion-google-font=\"Quattrocento\" data-fusion-google-variant=\"400\">Dar testimonio, personal y colectivo, de la fe cristiana de sus miembros<\/span><\/li>\n<li><span style=\"color: #000000; font-size: 20px; font-family: Quattrocento; font-weight: 400;\" data-fusion-font=\"true\" data-fusion-google-font=\"Quattrocento\" data-fusion-google-variant=\"400\">Difundir y promover la aplicaci\u00f3n pr\u00e1ctica de las Ense\u00f1anzas sociales de la Iglesia Cat\u00f3lica, tanto en la empresa como en el \u00e1mbito de la vida econ\u00f3mica y social.<\/span><\/li>\n<li><span style=\"color: #000000; font-size: 20px; font-family: Quattrocento; font-weight: 400;\" data-fusion-font=\"true\" data-fusion-google-font=\"Quattrocento\" data-fusion-google-variant=\"400\">Configurar, desde una perspectiva cristiana, el nuevo tipo de empresario y de directivo de empresa y las nuevas estructuras empresariales m\u00e1s adecuadas a un orden social m\u00e1s humano.<\/span><\/li>\n<\/ul>\n<\/p>\n<\/p>\n<\/p>\n<p style=\"color: #000000; font-size: 20px; font-family: Quattrocento; font-weight: 400;\" data-fusion-font=\"true\" data-fusion-google-font=\"Quattrocento\" data-fusion-google-variant=\"400\">Se trata de desarrollar el sentido vocacional de la fundaci\u00f3n del empresario y directivo de empresa, como una respuesta al llamamiento de Dios y como un servicio a nuestra sociedad, necesario, urgente, dif\u00edcil e insustituible.<\/p>\n<\/p>\n<p style=\"color: #000000; font-size: 20px; font-family: Quattrocento; font-weight: 400;\" data-fusion-font=\"true\" data-fusion-google-font=\"Quattrocento\" data-fusion-google-variant=\"400\">Y, por otra parte, hacer de las estructuras de la empresa estructuras de convivencia comunitaria, en las que todos participen, con arreglo a su funci\u00f3n y a su competencia, respetando su dignidad humana y sus derechos inalienables derivados de esa dignidad.<\/p>\n<\/p>\n<p style=\"color: #000000; font-size: 20px; font-family: Quattrocento;\" data-fusion-font=\"true\" data-fusion-google-font=\"Quattrocento\" data-fusion-google-variant=\"400\"><b>ASE EN LA PARROQUIA DE SAN PABLO DE MURCIA<\/b><\/p><\/p>\n<\/div><\/div><\/div><\/div><\/div>","protected":false},"excerpt":{"rendered":"","protected":false},"author":1,"featured_media":0,"parent":0,"menu_order":0,"comment_status":"closed","ping_status":"closed","template":"","meta":{"footnotes":""},"_links":{"self":[{"href":"http:\/\/sanpablomurcia.es\/wordpress\/wp-json\/wp\/v2\/pages\/4847"}],"collection":[{"href":"http:\/\/sanpablomurcia.es\/wordpress\/wp-json\/wp\/v2\/pages"}],"about":[{"href":"http:\/\/sanpablomurcia.es\/wordpress\/wp-json\/wp\/v2\/types\/page"}],"author":[{"embeddable":true,"href":"http:\/\/sanpablomurcia.es\/wordpress\/wp-json\/wp\/v2\/users\/1"}],"replies":[{"embeddable":true,"href":"http:\/\/sanpablomurcia.es\/wordpress\/wp-json\/wp\/v2\/comments?post=4847"}],"version-history":[{"count":5,"href":"http:\/\/sanpablomurcia.es\/wordpress\/wp-json\/wp\/v2\/pages\/4847\/revisions"}],"predecessor-version":[{"id":13759,"href":"http:\/\/sanpablomurcia.es\/wordpress\/wp-json\/wp\/v2\/pages\/4847\/revisions\/13759"}],"wp:attachment":[{"href":"http:\/\/sanpablomurcia.es\/wordpress\/wp-json\/wp\/v2\/media?parent=4847"}],"curies":[{"name":"wp","href":"https:\/\/api.w.org\/{rel}","templated":true}]}}