{"id":2810,"date":"2019-01-16T09:12:36","date_gmt":"2019-01-16T09:12:36","guid":{"rendered":"http:\/\/sanpablomurcia.es\/wordpress\/?page_id=2810"},"modified":"2024-01-11T10:29:55","modified_gmt":"2024-01-11T08:29:55","slug":"catequesis-de-iniciacion-cristiana","status":"publish","type":"page","link":"http:\/\/sanpablomurcia.es\/wordpress\/catequesis-de-iniciacion-cristiana\/","title":{"rendered":"Catequesis de Iniciaci\u00f3n Cristiana"},"content":{"rendered":"<div class=\"fusion-fullwidth fullwidth-box fusion-builder-row-1 nonhundred-percent-fullwidth non-hundred-percent-height-scrolling\" style=\"--awb-border-radius-top-left:0px;--awb-border-radius-top-right:0px;--awb-border-radius-bottom-right:0px;--awb-border-radius-bottom-left:0px;--awb-flex-wrap:wrap;\" ><div class=\"fusion-builder-row fusion-row\"><div class=\"fusion-layout-column fusion_builder_column fusion-builder-column-0 fusion_builder_column_1_1 1_1 fusion-one-full fusion-column-first fusion-column-last\" style=\"--awb-bg-size:cover;\"><div class=\"fusion-column-wrapper fusion-column-has-shadow fusion-flex-column-wrapper-legacy\"><div class=\"fusion-text fusion-text-1\"><p style=\"text-align: center; color: rgb(114, 0, 0); font-family: 'IM Fell English SC';\" data-fusion-font=\"true\" data-fusion-google-font=\"IM Fell English SC\" data-fusion-google-variant=\"400\"><b data-fusion-font=\"true\" style=\"font-size: 40px;\">Catequesis para Adultos<\/b><\/p>\n<\/div><div class=\"fusion-clearfix\"><\/div><\/div><\/div><div class=\"fusion-layout-column fusion_builder_column fusion-builder-column-1 fusion_builder_column_1_1 1_1 fusion-one-full fusion-column-first fusion-column-last\" style=\"--awb-bg-size:cover;\"><div class=\"fusion-column-wrapper fusion-flex-column-wrapper-legacy\"><div class=\"fusion-text fusion-text-2\"><p style=\"text-align: left; color: #000000; font-family: Quattrocento; font-size: 20px;\" data-fusion-font=\"true\" data-fusion-google-font=\"Quattrocento\" data-fusion-google-variant=\"400\">\n<p style=\"text-align: right;\"><span style=\"font-family: 'IM Fell English'; font-weight: 400; font-size: 22px; color: #000000;\" data-fusion-font=\"true\" data-fusion-google-font=\"IM Fell English\" data-fusion-google-variant=\"400\">Murcia, enero de 2024<\/span><\/p>\n<p style=\"font-family: 'IM Fell English'; font-weight: 400; font-size: 22px; color: #000000;\" data-fusion-font=\"true\" data-fusion-google-font=\"IM Fell English\" data-fusion-google-variant=\"400\"><span style=\"font-family: 'IM Fell English'; font-weight: 400;\" data-fusion-font=\"true\" data-fusion-google-font=\"IM Fell English\" data-fusion-google-variant=\"400\">A todos los fieles y personas a las que pueda interesar:<\/span><\/p>\n<p style=\"font-family: 'IM Fell English'; font-size: 22px; color: #000000; font-weight: 400;\" data-fusion-font=\"true\" data-fusion-google-font=\"IM Fell English\" data-fusion-google-variant=\"400\">Actualmente en la Parroquia muchos ni\u00f1os y j\u00f3venes est\u00e1n recibiendo la catequesis y el acompa\u00f1amiento adecuados a su edad.<\/p>\n<p style=\"font-family: 'IM Fell English'; font-size: 22px; color: #000000; font-weight: 400;\" data-fusion-font=\"true\" data-fusion-google-font=\"IM Fell English\" data-fusion-google-variant=\"400\">Con el a\u00f1o nuevo, comenzamos la catequesis de adultos, un momento fundamental de Anuncio del Evangelio. A prop\u00f3sito de su importancia, San Juan Pablo II nos recordaba que, la de adultos, es la forma principal de la catequesis porque est\u00e1 dirigida a las personas que tienen las mayores responsabilidades y la capacidad de vivir el mensaje cristiano bajo su forma plenamente desarrollada (Catechesi Tradendae, 44).<\/p>\n<p style=\"font-family: 'IM Fell English'; font-size: 22px; color: #000000;\" data-fusion-font=\"true\" data-fusion-google-font=\"IM Fell English\" data-fusion-google-variant=\"400\"><span style=\"font-family: 'IM Fell English'; font-weight: 400;\" data-fusion-font=\"true\" data-fusion-google-font=\"IM Fell English\" data-fusion-google-variant=\"400\">El Catecismo de la Iglesia Cat\u00f3lica tambi\u00e9n nos recuerda que, habiendo sido bautizados de ni\u00f1os, hemos recibido una formaci\u00f3n en la etapa infantil (Primera Comuni\u00f3n, Confirmaci\u00f3n\u2026) y necesitamos una formaci\u00f3n acorde a la edad adulta: <\/span><b><i><span style=\"font-family: 'IM Fell English'; font-weight: 400;\" data-fusion-font=\"true\" data-fusion-google-font=\"IM Fell English\" data-fusion-google-variant=\"400\">\u201cPor su naturaleza misma, el Bautismo de ni\u00f1os exige un catecumenado postbautismal. No se trata s\u00f3lo de la necesidad de una instrucci\u00f3n posterior al Bautismo, sino del desarrollo necesario de la gracia bautismal en el crecimiento de la persona. Es el momento propio de la catequesis.\u201d (Catecismo, 1231).<\/span><\/i><\/b><\/p>\n<p style=\"font-family: 'IM Fell English'; font-size: 22px; color: #000000;\" data-fusion-font=\"true\" data-fusion-google-font=\"IM Fell English\" data-fusion-google-variant=\"400\"><span style=\"font-family: 'IM Fell English'; font-weight: 400;\" data-fusion-font=\"true\" data-fusion-google-font=\"IM Fell English\" data-fusion-google-variant=\"400\">El Papa Francisco afirma: <\/span><b><i><span style=\"font-family: 'IM Fell English'; font-weight: 400;\" data-fusion-font=\"true\" data-fusion-google-font=\"IM Fell English\" data-fusion-google-variant=\"400\">\u201cLa alegr\u00eda del Evangelio llena el coraz\u00f3n y la vida entera de los que se encuentran con Jes\u00fas. Quienes se dejan salvar por \u00c9l son liberados del pecado, de la tristeza, del vac\u00edo interior, del aislamiento. Con Jesucristo siempre nace y renace la alegr\u00eda.\u201d (Evangelii Gaudium, 1).<\/span><\/i><\/b><\/p>\n<p style=\"font-family: 'IM Fell English'; font-size: 22px; color: #000000; font-weight: 400;\" data-fusion-font=\"true\" data-fusion-google-font=\"IM Fell English\" data-fusion-google-variant=\"400\">Con el sentir de la Iglesia os invito a asistir a estas catequesis que pueden ser el comienzo de una vida nueva. Realmente, cuando aparece el amor de Dios delante de nosotros, se abren ventanas y caminos que no hab\u00edamos podido ni siquiera so\u00f1ar; nuestro Dios es sorprendente y hace a\u00f1icos toda rutina.<\/p>\n<p style=\"font-family: 'IM Fell English'; font-size: 22px; color: #000000; font-weight: 400;\" data-fusion-font=\"true\" data-fusion-google-font=\"IM Fell English\" data-fusion-google-variant=\"400\">Ser\u00e1 los lunes y jueves a las 21:00. Comenzamos el lunes 23 de enero.<\/p>\n<p style=\"font-family: 'IM Fell English'; font-weight: 400; font-size: 22px; color: #000000;\" data-fusion-font=\"true\" data-fusion-google-font=\"IM Fell English\" data-fusion-google-variant=\"400\"><span style=\"font-family: 'IM Fell English'; font-weight: 400;\" data-fusion-font=\"true\" data-fusion-google-font=\"IM Fell English\" data-fusion-google-variant=\"400\">Es para ADULTOS, en cualquier situaci\u00f3n en la que se encuentren (tambi\u00e9n pueden asistir <\/span><span style=\"letter-spacing: var(--body_typography-letter-spacing); font-family: 'IM Fell English'; font-weight: 400;\" data-fusion-font=\"true\" data-fusion-google-font=\"IM Fell English\" data-fusion-google-variant=\"400\">j\u00f3venes a partir de 14 a\u00f1os).<\/span><\/p>\n<p style=\"font-family: 'IM Fell English'; font-size: 22px; color: #000000; font-weight: 400;\" data-fusion-font=\"true\" data-fusion-google-font=\"IM Fell English\" data-fusion-google-variant=\"400\">Que Dios os bendiga a todos.<\/p>\n<p><i><span style=\"font-size: 22px; font-family: 'IM Fell English'; font-weight: 400; color: #000000; line-height: 28px;\" data-fusion-font=\"true\" data-fusion-google-font=\"IM Fell English\" data-fusion-google-variant=\"400\"><span style=\"line-height: 25px;\" data-fusion-font=\"true\"><span style=\"font-family: 'IM Fell English'; font-weight: 400;\" data-fusion-font=\"true\" data-fusion-google-font=\"IM Fell English\" data-fusion-google-variant=\"400\">\u00c1ngel Molina &#8211; P\u00e1rroco<\/span><br \/>\n<\/span><\/span><\/i><\/p>\n<p style=\"text-align: justify; color: #000000; font-family: Quattrocento; font-weight: 400; font-size: 20px;\" data-fusion-font=\"true\" data-fusion-google-font=\"Quattrocento\" data-fusion-google-variant=\"400\"><i><span style=\"font-size: 24px; font-family: Raleway; font-weight: 400;\" data-fusion-font=\"true\" data-fusion-google-font=\"Raleway\" data-fusion-google-variant=\"400\"> <\/span><\/i><\/p>\n<p style=\"text-align: justify; color: #000000; font-family: Quattrocento; font-weight: 400; font-size: 20px;\" data-fusion-font=\"true\" data-fusion-google-font=\"Quattrocento\" data-fusion-google-variant=\"400\">\n<div style=\"text-align: justify;\"><\/div>\n<p style=\"text-align: justify;\"><span style=\"color: #000000; font-family: Raleway;\"><span style=\"font-size: 32px;\"><span style=\"font-family: 'IM Fell DW Pica'; font-size: 40px;\" data-fusion-font=\"true\" data-fusion-google-font=\"IM Fell DW Pica\" data-fusion-google-variant=\"400\"><span style=\"font-size: 30px; line-height: 13px;\" data-fusion-font=\"true\">Las catequesis comienzan <\/span><b style=\"font-size: 30px; line-height: 13px;\" data-fusion-font=\"true\">el<\/b><\/span><b style=\"font-family: 'IM Fell DW Pica'; font-size: 30px; line-height: 13px;\" data-fusion-font=\"true\" data-fusion-google-font=\"IM Fell DW Pica\" data-fusion-google-variant=\"400\"> Lunes 15 de enero de 2024.<\/b><\/span><\/span><\/p>\n<p style=\"text-align: justify;\"><span style=\"color: #000000; font-family: Raleway;\"><span style=\"font-size: 32px;\"><b style=\"font-family: 'IM Fell DW Pica'; font-weight: 400; font-size: 30px; line-height: 13px;\" data-fusion-font=\"true\" data-fusion-google-font=\"IM Fell DW Pica\" data-fusion-google-variant=\"400\">Ser\u00e1n los <\/b><b style=\"font-family: 'IM Fell DW Pica'; font-size: 30px; line-height: 13px;\" data-fusion-font=\"true\" data-fusion-google-font=\"IM Fell DW Pica\" data-fusion-google-variant=\"400\">Lunes y Jueves<\/b><b style=\"font-family: 'IM Fell DW Pica'; font-weight: 400; font-size: 30px; line-height: 13px;\" data-fusion-font=\"true\" data-fusion-google-font=\"IM Fell DW Pica\" data-fusion-google-variant=\"400\"> a las <\/b><b style=\"font-family: 'IM Fell DW Pica'; font-size: 30px; line-height: 13px;\" data-fusion-font=\"true\" data-fusion-google-font=\"IM Fell DW Pica\" data-fusion-google-variant=\"400\">21:00.<\/b><\/span><\/span><\/p>\n<\/div><div class=\"fusion-clearfix\"><\/div><\/div><\/div><div class=\"fusion-layout-column fusion_builder_column fusion-builder-column-2 fusion_builder_column_1_1 1_1 fusion-one-full fusion-column-first fusion-column-last\" style=\"--awb-bg-size:cover;\"><div class=\"fusion-column-wrapper fusion-column-has-shadow fusion-flex-column-wrapper-legacy\"><div class=\"fusion-clearfix\"><\/div><\/div><\/div><div class=\"fusion-layout-column fusion_builder_column fusion-builder-column-3 fusion_builder_column_1_1 1_1 fusion-one-full fusion-column-first fusion-column-last\" style=\"--awb-bg-size:cover;\"><div class=\"fusion-column-wrapper fusion-column-has-shadow fusion-flex-column-wrapper-legacy\"><div class=\"fusion-aligncenter\"><a class=\"fusion-button button-3d button-medium button-red fusion-button-red button-1 fusion-button-span-no \" target=\"_self\" href=\"http:\/\/sanpablomurcia.es\/wordpress\/wp-content\/uploads\/2024\/01\/Invitacion-Catequesis-adultos-2024.pdf\"><span class=\"fusion-button-icon-divider button-icon-divider-left\"><i class=\"fa-file-pdf fas\" aria-hidden=\"true\"><\/i><\/span><span class=\"fusion-button-text fusion-button-text-left\">INVITACI\u00d3N PDF<\/span><\/a><\/div><div class=\"fusion-clearfix\"><\/div><\/div><\/div><div class=\"fusion-layout-column fusion_builder_column fusion-builder-column-4 fusion_builder_column_1_1 1_1 fusion-one-full fusion-column-first fusion-column-last\" style=\"--awb-bg-size:cover;\"><div class=\"fusion-column-wrapper fusion-column-has-shadow fusion-flex-column-wrapper-legacy\"><div class=\"fusion-clearfix\"><\/div><\/div><\/div><div class=\"fusion-layout-column fusion_builder_column fusion-builder-column-5 fusion_builder_column_1_1 1_1 fusion-one-full fusion-column-first fusion-column-last\" style=\"--awb-bg-size:cover;\"><div class=\"fusion-column-wrapper fusion-column-has-shadow fusion-flex-column-wrapper-legacy\"><div class=\"fusion-aligncenter\"><a class=\"fusion-button button-3d button-medium button-red fusion-button-red button-2 fusion-button-span-no \" target=\"_self\" href=\"http:\/\/sanpablomurcia.es\/wordpress\/wp-content\/uploads\/2024\/01\/Invitacion-Catequesis-adultos-2024.jpg\"><span class=\"fusion-button-icon-divider button-icon-divider-left\"><i class=\"fa-file-image fas\" aria-hidden=\"true\"><\/i><\/span><span class=\"fusion-button-text fusion-button-text-left\">INVITACI\u00d3N JPG<\/span><\/a><\/div><div class=\"fusion-clearfix\"><\/div><\/div><\/div><div class=\"fusion-layout-column fusion_builder_column fusion-builder-column-6 fusion_builder_column_1_1 1_1 fusion-one-full fusion-column-first fusion-column-last\" style=\"--awb-bg-size:cover;\"><div class=\"fusion-column-wrapper fusion-column-has-shadow fusion-flex-column-wrapper-legacy\"><div class=\"fusion-clearfix\"><\/div><\/div><\/div><div class=\"fusion-layout-column fusion_builder_column fusion-builder-column-7 fusion_builder_column_1_1 1_1 fusion-one-full fusion-column-first fusion-column-last\" style=\"--awb-bg-size:cover;\"><div class=\"fusion-column-wrapper fusion-column-has-shadow fusion-flex-column-wrapper-legacy\"><div class=\"fusion-clearfix\"><\/div><\/div><\/div><div class=\"fusion-layout-column fusion_builder_column fusion-builder-column-8 fusion_builder_column_1_1 1_1 fusion-one-full fusion-column-first fusion-column-last\" style=\"--awb-bg-size:cover;\"><div class=\"fusion-column-wrapper fusion-column-has-shadow fusion-flex-column-wrapper-legacy\"><div class=\"fusion-clearfix\"><\/div><\/div><\/div><\/div><\/div>\n","protected":false},"excerpt":{"rendered":"","protected":false},"author":1,"featured_media":0,"parent":0,"menu_order":0,"comment_status":"closed","ping_status":"closed","template":"100-width.php","meta":{"footnotes":""},"_links":{"self":[{"href":"http:\/\/sanpablomurcia.es\/wordpress\/wp-json\/wp\/v2\/pages\/2810"}],"collection":[{"href":"http:\/\/sanpablomurcia.es\/wordpress\/wp-json\/wp\/v2\/pages"}],"about":[{"href":"http:\/\/sanpablomurcia.es\/wordpress\/wp-json\/wp\/v2\/types\/page"}],"author":[{"embeddable":true,"href":"http:\/\/sanpablomurcia.es\/wordpress\/wp-json\/wp\/v2\/users\/1"}],"replies":[{"embeddable":true,"href":"http:\/\/sanpablomurcia.es\/wordpress\/wp-json\/wp\/v2\/comments?post=2810"}],"version-history":[{"count":73,"href":"http:\/\/sanpablomurcia.es\/wordpress\/wp-json\/wp\/v2\/pages\/2810\/revisions"}],"predecessor-version":[{"id":13910,"href":"http:\/\/sanpablomurcia.es\/wordpress\/wp-json\/wp\/v2\/pages\/2810\/revisions\/13910"}],"wp:attachment":[{"href":"http:\/\/sanpablomurcia.es\/wordpress\/wp-json\/wp\/v2\/media?parent=2810"}],"curies":[{"name":"wp","href":"https:\/\/api.w.org\/{rel}","templated":true}]}}